{"id":8321,"date":"2022-10-20T15:33:12","date_gmt":"2022-10-20T13:33:12","guid":{"rendered":"https:\/\/interzero.it\/upravljanje-otpadom\/kabasti-otpad\/"},"modified":"2023-09-14T21:10:03","modified_gmt":"2023-09-14T19:10:03","slug":"kabasti-otpad","status":"publish","type":"page","link":"https:\/\/interzero.it\/en\/kabasti-otpad\/","title":{"rendered":"Kabasti otpad"},"content":{"rendered":"<div class=\"wpb-content-wrapper\"><p>[vc_row row_height_percent=&#8221;0&#8243; override_padding=&#8221;yes&#8221; h_padding=&#8221;2&#8243; top_padding=&#8221;3&#8243; bottom_padding=&#8221;4&#8243; overlay_alpha=&#8221;50&#8243; gutter_size=&#8221;3&#8243; column_width_percent=&#8221;100&#8243; shift_y=&#8221;0&#8243; z_index=&#8221;0&#8243; uncode_shortcode_id=&#8221;934989&#8243;][vc_column column_width_percent=&#8221;100&#8243; align_horizontal=&#8221;align_center&#8221; gutter_size=&#8221;3&#8243; overlay_alpha=&#8221;50&#8243; shift_x=&#8221;0&#8243; shift_y=&#8221;0&#8243; shift_y_down=&#8221;0&#8243; z_index=&#8221;0&#8243; medium_width=&#8221;0&#8243; mobile_width=&#8221;0&#8243; width=&#8221;1\/1&#8243; uncode_shortcode_id=&#8221;654767&#8243;][vc_custom_heading heading_semantic=&#8221;h1&#8243; text_size=&#8221;h1&#8243; uncode_shortcode_id=&#8221;130405&#8243;]<strong>Cistite magacin, renovirate prostorije, imate kabasti otpad?<\/strong>[\/vc_custom_heading][vc_column_text text_lead=&#8221;yes&#8221; uncode_shortcode_id=&#8221;103034&#8243;]Interzero nudi brzo i pristupa\u010dno sakupljanje i uklanjanje kabastog otpada. Once you have seen the contents of the page, you can find the right one for the first time. Prepustite nam svoj kabasti otpad.[\/vc_column_text][\/vc_column][\/vc_row][vc_row row_height_percent=&#8221;0&#8243; back_color=&#8221;color-870240&#8243; overlay_alpha=&#8221;50&#8243; gutter_size=&#8221;3&#8243; column_width_percent=&#8221;100&#8243; shift_y=&#8221;0&#8243; z_index=&#8221;0&#8243; uncode_shortcode_id=&#8221;818861&#8243; back_color_type=&#8221;uncode-palette&#8221;][vc_column column_width_percent=&#8221;100&#8243; align_horizontal=&#8221;align_center&#8221; gutter_size=&#8221;3&#8243; overlay_alpha=&#8221;50&#8243; shift_x=&#8221;0&#8243; shift_y=&#8221;0&#8243; shift_y_down=&#8221;0&#8243; z_index=&#8221;0&#8243; medium_width=&#8221;0&#8243; mobile_width=&#8221;0&#8243; width=&#8221;1\/1&#8243; uncode_shortcode_id=&#8221;119320&#8243;][vc_custom_heading uncode_shortcode_id=&#8221;200471&#8243;]<strong>FAQ<\/strong>[\/vc_custom_heading][\/vc_column][\/vc_row][vc_row row_height_percent=&#8221;0&#8243; override_padding=&#8221;yes&#8221; h_padding=&#8221;2&#8243; top_padding=&#8221;3&#8243; bottom_padding=&#8221;2&#8243; back_color=&#8221;color-lxmt&#8221; overlay_alpha=&#8221;50&#8243; gutter_size=&#8221;3&#8243; column_width_percent=&#8221;100&#8243; shift_y=&#8221;0&#8243; z_index=&#8221;0&#8243; uncode_shortcode_id=&#8221;128140&#8243; back_color_type=&#8221;uncode-palette&#8221;][vc_column column_width_percent=&#8221;100&#8243; align_horizontal=&#8221;align_center&#8221; gutter_size=&#8221;3&#8243; overlay_alpha=&#8221;50&#8243; shift_x=&#8221;0&#8243; shift_y=&#8221;0&#8243; shift_y_down=&#8221;0&#8243; z_index=&#8221;0&#8243; medium_width=&#8221;0&#8243; mobile_width=&#8221;0&#8243; width=&#8221;1\/1&#8243; uncode_shortcode_id=&#8221;172104&#8243;][vc_custom_heading heading_semantic=&#8221;h3&#8243; text_size=&#8221;h3&#8243; uncode_shortcode_id=&#8221;181909&#8243;]<strong>From there, could I get a preview of something?<\/strong>[\/vc_custom_heading][\/vc_column][\/vc_row][vc_row row_height_percent=&#8221;0&#8243; override_padding=&#8221;yes&#8221; h_padding=&#8221;1&#8243; top_padding=&#8221;2&#8243; bottom_padding=&#8221;3&#8243; back_color=&#8221;color-lxmt&#8221; overlay_alpha=&#8221;50&#8243; gutter_size=&#8221;3&#8243; column_width_percent=&#8221;100&#8243; shift_y=&#8221;0&#8243; z_index=&#8221;0&#8243; uncode_shortcode_id=&#8221;476803&#8243; back_color_type=&#8221;uncode-palette&#8221;][vc_column column_width_percent=&#8221;100&#8243; gutter_size=&#8221;3&#8243; overlay_alpha=&#8221;50&#8243; shift_x=&#8221;0&#8243; shift_y=&#8221;0&#8243; shift_y_down=&#8221;0&#8243; z_index=&#8221;0&#8243; medium_width=&#8221;0&#8243; mobile_width=&#8221;0&#8243; width=&#8221;1\/1&#8243; uncode_shortcode_id=&#8221;185132&#8243;][vc_accordion typography=&#8221;yes&#8221; active_tab=&#8221;0&#8243; el_class=&#8221;faq-accordion&#8221;][vc_accordion_tab gutter_size=&#8221;2&#8243; column_padding=&#8221;2&#8243; title=&#8221;From there, could I get a preview of something?&#8221; tab_id=&#8221;1666272816-1-34&#8243;][vc_column_text uncode_shortcode_id=&#8221;211800&#8243;]The price of the locator will be 3 or 5 points unapred.[\/vc_column_text][\/vc_accordion_tab][vc_accordion_tab gutter_size=&#8221;2&#8243; column_padding=&#8221;2&#8243; title=&#8221;From there Interzero will you be able to install the software to install it?&#8221; tab_id=&#8221;1666272816-2-94&#8243;][vc_column_text uncode_shortcode_id=&#8221;109115&#8243;]Interzero mo\u017ee ugraditi opremu za odlaganje otpada prema potrebama klijenta.[\/vc_column_text][\/vc_accordion_tab][vc_accordion_tab gutter_size=&#8221;2&#8243; column_padding=&#8221;2&#8243; title=&#8221;From there postji vi\u0161e veli\u010dina kontejnera?&#8221; tab_id=&#8221;1666273271238-2-7&#8243;][vc_column_text uncode_shortcode_id=&#8221;129495&#8243;]Please note that only a small amount of space is available (5m3, 7m3, 10m3 and 33m3).[\/vc_column_text][\/vc_accordion_tab][vc_accordion_tab gutter_size=&#8221;2&#8243; column_padding=&#8221;2&#8243; title=&#8221;From there Interzero izdaje pravne dokumente i koje?&#8221; tab_id=&#8221;1666273659380-3-0&#8243;][vc_column_text uncode_shortcode_id=&#8221;169431&#8243;]Interzero izdaje svu zakonom propisanu dokumentaciju.[\/vc_column_text][\/vc_accordion_tab][vc_accordion_tab gutter_size=&#8221;2&#8243; column_padding=&#8221;2&#8243; title=&#8221;Koji otpad se mo\u017ee odlo\u017eiti u kabasti otpad?&#8221; tab_id=&#8221;1666273731709-4-2&#8243;][vc_column_text uncode_shortcode_id=&#8221;194003&#8243;]U kabasti otpad mo\u017eete odlagati: name\u0161taj, drvo, plastiku, otpad od gra\u0111evinskih radova.[\/vc_column_text][\/vc_accordion_tab][vc_accordion_tab gutter_size=&#8221;2&#8243; column_padding=&#8221;2&#8243; title=&#8221;Koji otpad ne treba odlagati u kabasti otpad?&#8221; tab_id=&#8221;1666273800828-5-7&#8243;][vc_column_text uncode_shortcode_id=&#8221;178944&#8243;]U kabasti otpad se ne odlagati: opasan otpad (iverica, boje, lakovi, lijekove iz apoteke, toneri), gume, elektri\u010dni otpad, hrana, pi\u0107a.[\/vc_column_text][\/vc_accordion_tab][\/vc_accordion][\/vc_column][\/vc_row][vc_row][vc_column width=&#8221;1\/1&#8243;][uncode_block id=&#8221;2092&#8243;][\/vc_column][\/vc_row][vc_row][vc_column width=&#8221;1\/1&#8243;][vc_column_text uncode_shortcode_id=&#8221;201378&#8243;][\/vc_column_text][\/vc_column][\/vc_row]<\/p>\n<\/div>","protected":false},"excerpt":{"rendered":"<p>[vc_row row_height_percent=&#8221;0&#8243; override_padding=&#8221;yes&#8221; h_padding=&#8221;2&#8243; top_padding=&#8221;3&#8243; bottom_padding=&#8221;4&#8243; overlay_alpha=&#8221;50&#8243; gutter_size=&#8221;3&#8243; column_width_percent=&#8221;100&#8243; shift_y=&#8221;0&#8243; z_index=&#8221;0&#8243; uncode_shortcode_id=&#8221;934989&#8243;][vc_column column_width_percent=&#8221;100&#8243; align_horizontal=&#8221;align_center&#8221; gutter_size=&#8221;3&#8243; overlay_alpha=&#8221;50&#8243; shift_x=&#8221;0&#8243; shift_y=&#8221;0&#8243; shift_y_down=&#8221;0&#8243; z_index=&#8221;0&#8243; [&hellip;]<\/p>\n","protected":false},"author":4,"featured_media":2763,"parent":0,"menu_order":0,"comment_status":"closed","ping_status":"closed","template":"","meta":{"_acf_changed":false,"inline_featured_image":false,"footnotes":""},"wf_page_folders":[63],"class_list":["post-8321","page","type-page","status-publish","has-post-thumbnail","hentry"],"acf":[],"yoast_head":"<!-- This site is optimized with the Yoast SEO plugin v26.4 - https:\/\/yoast.com\/wordpress\/plugins\/seo\/ -->\n<title>Kabasti otpad - Interzero Italy<\/title>\n<meta name=\"robots\" content=\"index, follow, max-snippet:-1, max-image-preview:large, max-video-preview:-1\" \/>\n<link rel=\"canonical\" href=\"https:\/\/interzero.it\/en\/kabasti-otpad\/\" \/>\n<meta property=\"og:locale\" content=\"en_US\" \/>\n<meta property=\"og:type\" content=\"article\" \/>\n<meta property=\"og:title\" content=\"Kabasti otpad - Interzero Italy\" \/>\n<meta property=\"og:description\" content=\"[vc_row row_height_percent=&#8221;0&#8243; override_padding=&#8221;yes&#8221; h_padding=&#8221;2&#8243; top_padding=&#8221;3&#8243; bottom_padding=&#8221;4&#8243; overlay_alpha=&#8221;50&#8243; gutter_size=&#8221;3&#8243; column_width_percent=&#8221;100&#8243; shift_y=&#8221;0&#8243; z_index=&#8221;0&#8243; uncode_shortcode_id=&#8221;934989&#8243;][vc_column column_width_percent=&#8221;100&#8243; align_horizontal=&#8221;align_center&#8221; gutter_size=&#8221;3&#8243; overlay_alpha=&#8221;50&#8243; shift_x=&#8221;0&#8243; shift_y=&#8221;0&#8243; shift_y_down=&#8221;0&#8243; z_index=&#8221;0&#8243; [&hellip;]\" \/>\n<meta property=\"og:url\" content=\"https:\/\/interzero.it\/en\/kabasti-otpad\/\" \/>\n<meta property=\"og:site_name\" content=\"Interzero Italy\" \/>\n<meta property=\"article:modified_time\" content=\"2023-09-14T19:10:03+00:00\" \/>\n<meta property=\"og:image\" content=\"https:\/\/interzero.it\/wp-content\/uploads\/sites\/10\/2022\/10\/Glomazni-otpad-header.jpg\" \/>\n\t<meta property=\"og:image:width\" content=\"1078\" \/>\n\t<meta property=\"og:image:height\" content=\"423\" \/>\n\t<meta property=\"og:image:type\" content=\"image\/jpeg\" \/>\n<meta name=\"twitter:card\" content=\"summary_large_image\" \/>\n<meta name=\"twitter:label1\" content=\"Est. reading time\" \/>\n\t<meta name=\"twitter:data1\" content=\"3 minutes\" \/>\n<script type=\"application\/ld+json\" class=\"yoast-schema-graph\">{\"@context\":\"https:\/\/schema.org\",\"@graph\":[{\"@type\":\"WebPage\",\"@id\":\"https:\/\/interzero.it\/en\/kabasti-otpad\/\",\"url\":\"https:\/\/interzero.it\/en\/kabasti-otpad\/\",\"name\":\"Kabasti otpad - Interzero Italy\",\"isPartOf\":{\"@id\":\"https:\/\/interzero.it\/en\/#website\"},\"primaryImageOfPage\":{\"@id\":\"https:\/\/interzero.it\/en\/kabasti-otpad\/#primaryimage\"},\"image\":{\"@id\":\"https:\/\/interzero.it\/en\/kabasti-otpad\/#primaryimage\"},\"thumbnailUrl\":\"https:\/\/interzero.it\/wp-content\/uploads\/sites\/10\/2022\/10\/Glomazni-otpad-header.jpg\",\"datePublished\":\"2022-10-20T13:33:12+00:00\",\"dateModified\":\"2023-09-14T19:10:03+00:00\",\"breadcrumb\":{\"@id\":\"https:\/\/interzero.it\/en\/kabasti-otpad\/#breadcrumb\"},\"inLanguage\":\"en-US\",\"potentialAction\":[{\"@type\":\"ReadAction\",\"target\":[\"https:\/\/interzero.it\/en\/kabasti-otpad\/\"]}]},{\"@type\":\"ImageObject\",\"inLanguage\":\"en-US\",\"@id\":\"https:\/\/interzero.it\/en\/kabasti-otpad\/#primaryimage\",\"url\":\"https:\/\/interzero.it\/wp-content\/uploads\/sites\/10\/2022\/10\/Glomazni-otpad-header.jpg\",\"contentUrl\":\"https:\/\/interzero.it\/wp-content\/uploads\/sites\/10\/2022\/10\/Glomazni-otpad-header.jpg\",\"width\":1078,\"height\":423},{\"@type\":\"BreadcrumbList\",\"@id\":\"https:\/\/interzero.it\/en\/kabasti-otpad\/#breadcrumb\",\"itemListElement\":[{\"@type\":\"ListItem\",\"position\":1,\"name\":\"Home\",\"item\":\"https:\/\/interzero.it\/en\/\"},{\"@type\":\"ListItem\",\"position\":2,\"name\":\"Kabasti otpad\"}]},{\"@type\":\"WebSite\",\"@id\":\"https:\/\/interzero.it\/en\/#website\",\"url\":\"https:\/\/interzero.it\/en\/\",\"name\":\"Interzero Italia\",\"description\":\"Interzero Italia\",\"publisher\":{\"@id\":\"https:\/\/interzero.it\/en\/#organization\"},\"potentialAction\":[{\"@type\":\"SearchAction\",\"target\":{\"@type\":\"EntryPoint\",\"urlTemplate\":\"https:\/\/interzero.it\/en\/?s={search_term_string}\"},\"query-input\":{\"@type\":\"PropertyValueSpecification\",\"valueRequired\":true,\"valueName\":\"search_term_string\"}}],\"inLanguage\":\"en-US\"},{\"@type\":\"Organization\",\"@id\":\"https:\/\/interzero.it\/en\/#organization\",\"name\":\"Interzero Italia\",\"url\":\"https:\/\/interzero.it\/en\/\",\"logo\":{\"@type\":\"ImageObject\",\"inLanguage\":\"en-US\",\"@id\":\"https:\/\/interzero.it\/en\/#\/schema\/logo\/image\/\",\"url\":\"https:\/\/interzero.it\/wp-content\/uploads\/sites\/10\/2022\/06\/logo.svg\",\"contentUrl\":\"https:\/\/interzero.it\/wp-content\/uploads\/sites\/10\/2022\/06\/logo.svg\",\"width\":\"151\",\"height\":\"50\",\"caption\":\"Interzero Italia\"},\"image\":{\"@id\":\"https:\/\/interzero.it\/en\/#\/schema\/logo\/image\/\"}}]}<\/script>\n<!-- \/ Yoast SEO plugin. -->","yoast_head_json":{"title":"Kabasti otpad - Interzero Italy","robots":{"index":"index","follow":"follow","max-snippet":"max-snippet:-1","max-image-preview":"max-image-preview:large","max-video-preview":"max-video-preview:-1"},"canonical":"https:\/\/interzero.it\/en\/kabasti-otpad\/","og_locale":"en_US","og_type":"article","og_title":"Kabasti otpad - Interzero Italy","og_description":"[vc_row row_height_percent=&#8221;0&#8243; override_padding=&#8221;yes&#8221; h_padding=&#8221;2&#8243; top_padding=&#8221;3&#8243; bottom_padding=&#8221;4&#8243; overlay_alpha=&#8221;50&#8243; gutter_size=&#8221;3&#8243; column_width_percent=&#8221;100&#8243; shift_y=&#8221;0&#8243; z_index=&#8221;0&#8243; uncode_shortcode_id=&#8221;934989&#8243;][vc_column column_width_percent=&#8221;100&#8243; align_horizontal=&#8221;align_center&#8221; gutter_size=&#8221;3&#8243; overlay_alpha=&#8221;50&#8243; shift_x=&#8221;0&#8243; shift_y=&#8221;0&#8243; shift_y_down=&#8221;0&#8243; z_index=&#8221;0&#8243; [&hellip;]","og_url":"https:\/\/interzero.it\/en\/kabasti-otpad\/","og_site_name":"Interzero Italy","article_modified_time":"2023-09-14T19:10:03+00:00","og_image":[{"width":1078,"height":423,"url":"https:\/\/interzero.it\/wp-content\/uploads\/sites\/10\/2022\/10\/Glomazni-otpad-header.jpg","type":"image\/jpeg"}],"twitter_card":"summary_large_image","twitter_misc":{"Est. reading time":"3 minutes"},"schema":{"@context":"https:\/\/schema.org","@graph":[{"@type":"WebPage","@id":"https:\/\/interzero.it\/en\/kabasti-otpad\/","url":"https:\/\/interzero.it\/en\/kabasti-otpad\/","name":"Kabasti otpad - Interzero Italy","isPartOf":{"@id":"https:\/\/interzero.it\/en\/#website"},"primaryImageOfPage":{"@id":"https:\/\/interzero.it\/en\/kabasti-otpad\/#primaryimage"},"image":{"@id":"https:\/\/interzero.it\/en\/kabasti-otpad\/#primaryimage"},"thumbnailUrl":"https:\/\/interzero.it\/wp-content\/uploads\/sites\/10\/2022\/10\/Glomazni-otpad-header.jpg","datePublished":"2022-10-20T13:33:12+00:00","dateModified":"2023-09-14T19:10:03+00:00","breadcrumb":{"@id":"https:\/\/interzero.it\/en\/kabasti-otpad\/#breadcrumb"},"inLanguage":"en-US","potentialAction":[{"@type":"ReadAction","target":["https:\/\/interzero.it\/en\/kabasti-otpad\/"]}]},{"@type":"ImageObject","inLanguage":"en-US","@id":"https:\/\/interzero.it\/en\/kabasti-otpad\/#primaryimage","url":"https:\/\/interzero.it\/wp-content\/uploads\/sites\/10\/2022\/10\/Glomazni-otpad-header.jpg","contentUrl":"https:\/\/interzero.it\/wp-content\/uploads\/sites\/10\/2022\/10\/Glomazni-otpad-header.jpg","width":1078,"height":423},{"@type":"BreadcrumbList","@id":"https:\/\/interzero.it\/en\/kabasti-otpad\/#breadcrumb","itemListElement":[{"@type":"ListItem","position":1,"name":"Home","item":"https:\/\/interzero.it\/en\/"},{"@type":"ListItem","position":2,"name":"Kabasti otpad"}]},{"@type":"WebSite","@id":"https:\/\/interzero.it\/en\/#website","url":"https:\/\/interzero.it\/en\/","name":"Interzero Italia","description":"Interzero Italia","publisher":{"@id":"https:\/\/interzero.it\/en\/#organization"},"potentialAction":[{"@type":"SearchAction","target":{"@type":"EntryPoint","urlTemplate":"https:\/\/interzero.it\/en\/?s={search_term_string}"},"query-input":{"@type":"PropertyValueSpecification","valueRequired":true,"valueName":"search_term_string"}}],"inLanguage":"en-US"},{"@type":"Organization","@id":"https:\/\/interzero.it\/en\/#organization","name":"Interzero Italia","url":"https:\/\/interzero.it\/en\/","logo":{"@type":"ImageObject","inLanguage":"en-US","@id":"https:\/\/interzero.it\/en\/#\/schema\/logo\/image\/","url":"https:\/\/interzero.it\/wp-content\/uploads\/sites\/10\/2022\/06\/logo.svg","contentUrl":"https:\/\/interzero.it\/wp-content\/uploads\/sites\/10\/2022\/06\/logo.svg","width":"151","height":"50","caption":"Interzero Italia"},"image":{"@id":"https:\/\/interzero.it\/en\/#\/schema\/logo\/image\/"}}]}},"_links":{"self":[{"href":"https:\/\/interzero.it\/en\/wp-json\/wp\/v2\/pages\/8321","targetHints":{"allow":["GET"]}}],"collection":[{"href":"https:\/\/interzero.it\/en\/wp-json\/wp\/v2\/pages"}],"about":[{"href":"https:\/\/interzero.it\/en\/wp-json\/wp\/v2\/types\/page"}],"author":[{"embeddable":true,"href":"https:\/\/interzero.it\/en\/wp-json\/wp\/v2\/users\/4"}],"replies":[{"embeddable":true,"href":"https:\/\/interzero.it\/en\/wp-json\/wp\/v2\/comments?post=8321"}],"version-history":[{"count":2,"href":"https:\/\/interzero.it\/en\/wp-json\/wp\/v2\/pages\/8321\/revisions"}],"predecessor-version":[{"id":8338,"href":"https:\/\/interzero.it\/en\/wp-json\/wp\/v2\/pages\/8321\/revisions\/8338"}],"wp:featuredmedia":[{"embeddable":true,"href":"https:\/\/interzero.it\/en\/wp-json\/wp\/v2\/media\/2763"}],"wp:attachment":[{"href":"https:\/\/interzero.it\/en\/wp-json\/wp\/v2\/media?parent=8321"}],"wp:term":[{"taxonomy":"wf_page_folders","embeddable":true,"href":"https:\/\/interzero.it\/en\/wp-json\/wp\/v2\/wf_page_folders?post=8321"}],"curies":[{"name":"wp","href":"https:\/\/api.w.org\/{rel}","templated":true}]}}